{"id":225,"date":"2017-04-30T18:06:52","date_gmt":"2017-04-30T16:06:52","guid":{"rendered":"https:\/\/www.vecchiovarzi.it\/?page_id=225"},"modified":"2017-05-05T17:03:56","modified_gmt":"2017-05-05T15:03:56","slug":"privacy-policy","status":"publish","type":"page","link":"https:\/\/www.vecchiovarzi.it\/en\/privacy-policy\/","title":{"rendered":"PRIVACY POLICY"},"content":{"rendered":"<p><strong>INFORMATIVA SUL TRATTAMENTO DI DATI PERSONALI<\/strong><\/p>\n<p><span style=\"font-weight: 400;\">Ai sensi del D.L. N\u00b0 196 del 30 Giugno 2003 &#8211; Codice in materia di protezione dei dati personali.<\/span><\/p>\n<p><span style=\"font-weight: 400;\">Ai sensi dell&#8217;articolo 13 del D.L.196\/03, informiamo che il Titolare del trattamento dei dati personali per la presente attivit\u00e0 promozionale \u00e8 Vecchio Varzi s.r.l., responsabile circa la legittimit\u00e0 di tale raccolta e del relativo trattamento per adempiere a finalit\u00e0 strumentali al compimento dell&#8217;attivit\u00e0 aziendale, quali l&#8217;invio di promozioni o materiale pubblicitario di nuovi prodotti o servizi, inviti a manifestazioni.<\/span><\/p>\n<p><span style=\"font-weight: 400;\">Vecchio Varzi s.r.l. garantisce che il presente trattamento si svolge nel rispetto dei diritti e delle libert\u00e0 fondamentali, nonch\u00e9 della dignit\u00e0 delle persone interessate, con particolare riferimento alla riservatezza e al diritto alla protezione dei dati: i dati sono trattati esclusivamente per adempimenti connessi all&#8217;attivit\u00e0 economica di Vecchio Varzi s.r.l., in particolare per l&#8217;invio di informative commerciali inerenti l&#8217;attivit\u00e0 dei clienti della Societ\u00e0 stessa. Il trattamento dei dati avviene utilizzando sia supporti cartacei che informatici con l&#8217;osservanza di ogni misura cautelativa, al fine di garantire la sicurezza e la riservatezza delle Aziende e delle persone interessate. <\/span><\/p>\n<p><span style=\"font-weight: 400;\">Il Titolare del trattamento dei dati personali \u00e8 Vecchio Varzi s.r.l., Via Castelletto 11, 27057, Pavia. Le persone interessate hanno diritto di ottenere l&#8217;aggiornamento, la rettifica ovvero l&#8217;integrazione dei propri dati personali, nonch\u00e9 la cancellazione, la trasformazione in forma anonima o il blocco dei dati trattati in violazione di legge; hanno, inoltre, diritto di opporsi, in tutto o in parte al trattamento dei dati personali che le riguardano a fini di invio di materiale pubblicitario o di comunicazioni commerciali. Tali diritti potranno essere esercitati con richiesta rivolta senza formalit\u00e0 al Titolare.<\/span><\/p>\n<p><strong>COOKIES<\/strong><\/p>\n<p><span style=\"font-weight: 400;\">Questo sito si avvale del servizio Google Analytics della societ\u00e0 Google, Inc. (di seguito &#8220;Google&#8221;) per la generazione di statistiche sull&#8217;utilizzo del sito stesso; Google Analytics utilizza cookie (non di terze parti) che non memorizzano dati personali. Le informazioni ricavabili dai cookie sull&#8217;utilizzo del sito web da parte degli utenti (compresi gli indirizzi IP) verranno trasmesse dal browser dell&#8217;utente a Google, con sede a 1600 Amphitheatre Parkway, Mountain View, CA 94043, Stati Uniti, e depositate presso i server della societ\u00e0 stessa.<\/span><\/p>\n<p><span style=\"font-weight: 400;\">Secondo i <\/span><a href=\"http:\/\/www.google.com\/analytics\/terms\/it.html\"><span style=\"font-weight: 400; color: #dd3333;\">termini di servizio<\/span><\/a><span style=\"font-weight: 400;\"> di Google Analytics in essere, Google utilizzer\u00e0 queste informazioni, in qualit\u00e0 di titolare autonomo del trattamento, allo scopo di tracciare e esaminare l&#8217;utilizzo del sito web, compilare report sulle attivit\u00e0 del sito ad uso degli operatori del sito stesso e fornire altri servizi relativi alle attivit\u00e0 del sito web, alle modalit\u00e0 di connessione (mobile, pc, browser utilizzato etc) e alle modalit\u00e0 di ricerca e raggiungimento delle pagine del portale. Google potr\u00e0 anche trasferire queste informazioni a terzi ove ci\u00f2 sia imposto dalla legge o laddove tali terzi trattino le suddette informazioni per conto di Google. Google non associer\u00e0 gli indirizzi IP a nessun altro dato posseduto da Google.<\/span><\/p>\n<p><span style=\"font-weight: 400;\">Per consultare l&#8217;informativa privacy della societ\u00e0 Google, relativa al servizio Google Analytics, si prega di visitare il sito Internet <\/span><a href=\"http:\/\/www.google.com\/intl\/en\/analytics\/privacyoverview.html\"><span style=\"font-weight: 400; color: #dd3333;\">http:\/\/www.google.com\/intl\/en\/analytics\/privacyoverview.html<\/span><\/a><span style=\"font-weight: 400;\">.<\/span><\/p>\n<p><span style=\"font-weight: 400;\">Per conoscere le norme sulla privacy di Google, si invita a vistare il sito Internet <\/span><a href=\"http:\/\/www.google.com\/intl\/it\/privacy\/privacy-policy.html\"><span style=\"font-weight: 400; color: #dd3333;\">http:\/\/www.google.com\/intl\/it\/privacy\/privacy-policy.html<\/span><\/a><span style=\"font-weight: 400;\">.<\/span><\/p>\n<p><span style=\"font-weight: 400;\">Utilizzando questo sito web, si acconsente al trattamento dei propri dati da parte di Google per le modalit\u00e0 e i fini sopra indicati: se non si desidera prestare il proprio consenso, \u00e8 possibile disabilitare i cookie di Google Analytics, utilizzando il <\/span><a href=\"https:\/\/tools.google.com\/dlpage\/gaoptout?hl=it\"><span style=\"font-weight: 400; color: #dd3333;\">componente aggiuntivo<\/span><\/a><span style=\"font-weight: 400;\"> di opt-out fornito da Google per i browser principali. <\/span><\/p>\n","protected":false},"excerpt":{"rendered":"<p>INFORMATIVA SUL TRATTAMENTO DI DATI PERSONALI Ai sensi del D.L. N\u00b0 196 del 30 Giugno 2003 &#8211; Codice in materia di protezione dei dati personali. Ai sensi dell&#8217;articolo 13 del D.L.196\/03, informiamo che il Titolare del trattamento dei dati personali&hellip;<\/p>\n","protected":false},"author":7,"featured_media":0,"parent":0,"menu_order":0,"comment_status":"closed","ping_status":"closed","template":"","meta":{"_monsterinsights_skip_tracking":false,"_monsterinsights_sitenote_active":false,"_monsterinsights_sitenote_note":"","_monsterinsights_sitenote_category":0,"footnotes":""},"class_list":["post-225","page","type-page","status-publish","hentry","entry","no-media"],"yoast_head":"<!-- This site is optimized with the Yoast SEO plugin v27.3 - https:\/\/yoast.com\/product\/yoast-seo-wordpress\/ -->\n<title>PRIVACY POLICY - VecchioVarzi<\/title>\n<meta name=\"robots\" content=\"index, follow, max-snippet:-1, max-image-preview:large, max-video-preview:-1\" \/>\n<link rel=\"canonical\" href=\"https:\/\/www.vecchiovarzi.it\/en\/privacy-policy\/\" \/>\n<meta property=\"og:locale\" content=\"en_US\" \/>\n<meta property=\"og:type\" content=\"article\" \/>\n<meta property=\"og:title\" content=\"PRIVACY POLICY - VecchioVarzi\" \/>\n<meta property=\"og:description\" content=\"INFORMATIVA SUL TRATTAMENTO DI DATI PERSONALI Ai sensi del D.L. N\u00b0 196 del 30 Giugno 2003 &#8211; Codice in materia di protezione dei dati personali. Ai sensi dell&#8217;articolo 13 del D.L.196\/03, informiamo che il Titolare del trattamento dei dati personali&hellip;\" \/>\n<meta property=\"og:url\" content=\"https:\/\/www.vecchiovarzi.it\/en\/privacy-policy\/\" \/>\n<meta property=\"og:site_name\" content=\"VecchioVarzi\" \/>\n<meta property=\"article:modified_time\" content=\"2017-05-05T15:03:56+00:00\" \/>\n<meta name=\"twitter:card\" content=\"summary_large_image\" \/>\n<meta name=\"twitter:label1\" content=\"Est. reading time\" \/>\n\t<meta name=\"twitter:data1\" content=\"3 minutes\" \/>\n<script type=\"application\/ld+json\" class=\"yoast-schema-graph\">{\"@context\":\"https:\\\/\\\/schema.org\",\"@graph\":[{\"@type\":\"WebPage\",\"@id\":\"https:\\\/\\\/www.vecchiovarzi.it\\\/en\\\/privacy-policy\\\/\",\"url\":\"https:\\\/\\\/www.vecchiovarzi.it\\\/en\\\/privacy-policy\\\/\",\"name\":\"PRIVACY POLICY - VecchioVarzi\",\"isPartOf\":{\"@id\":\"https:\\\/\\\/www.vecchiovarzi.it\\\/#website\"},\"datePublished\":\"2017-04-30T16:06:52+00:00\",\"dateModified\":\"2017-05-05T15:03:56+00:00\",\"breadcrumb\":{\"@id\":\"https:\\\/\\\/www.vecchiovarzi.it\\\/en\\\/privacy-policy\\\/#breadcrumb\"},\"inLanguage\":\"en-US\",\"potentialAction\":[{\"@type\":\"ReadAction\",\"target\":[\"https:\\\/\\\/www.vecchiovarzi.it\\\/en\\\/privacy-policy\\\/\"]}]},{\"@type\":\"BreadcrumbList\",\"@id\":\"https:\\\/\\\/www.vecchiovarzi.it\\\/en\\\/privacy-policy\\\/#breadcrumb\",\"itemListElement\":[{\"@type\":\"ListItem\",\"position\":1,\"name\":\"Home\",\"item\":\"https:\\\/\\\/www.vecchiovarzi.it\\\/en\\\/\"},{\"@type\":\"ListItem\",\"position\":2,\"name\":\"PRIVACY POLICY\"}]},{\"@type\":\"WebSite\",\"@id\":\"https:\\\/\\\/www.vecchiovarzi.it\\\/#website\",\"url\":\"https:\\\/\\\/www.vecchiovarzi.it\\\/\",\"name\":\"VecchioVarzi\",\"description\":\"\",\"publisher\":{\"@id\":\"https:\\\/\\\/www.vecchiovarzi.it\\\/#organization\"},\"potentialAction\":[{\"@type\":\"SearchAction\",\"target\":{\"@type\":\"EntryPoint\",\"urlTemplate\":\"https:\\\/\\\/www.vecchiovarzi.it\\\/?s={search_term_string}\"},\"query-input\":{\"@type\":\"PropertyValueSpecification\",\"valueRequired\":true,\"valueName\":\"search_term_string\"}}],\"inLanguage\":\"en-US\"},{\"@type\":\"Organization\",\"@id\":\"https:\\\/\\\/www.vecchiovarzi.it\\\/#organization\",\"name\":\"Salumificio Vecchio Varzi\",\"url\":\"https:\\\/\\\/www.vecchiovarzi.it\\\/\",\"logo\":{\"@type\":\"ImageObject\",\"inLanguage\":\"en-US\",\"@id\":\"https:\\\/\\\/www.vecchiovarzi.it\\\/#\\\/schema\\\/logo\\\/image\\\/\",\"url\":\"https:\\\/\\\/www.vecchiovarzi.it\\\/wp-content\\\/uploads\\\/2017\\\/04\\\/newLOGO_VecchioVarzi_fondicolorati-1.png\",\"contentUrl\":\"https:\\\/\\\/www.vecchiovarzi.it\\\/wp-content\\\/uploads\\\/2017\\\/04\\\/newLOGO_VecchioVarzi_fondicolorati-1.png\",\"width\":842,\"height\":595,\"caption\":\"Salumificio Vecchio Varzi\"},\"image\":{\"@id\":\"https:\\\/\\\/www.vecchiovarzi.it\\\/#\\\/schema\\\/logo\\\/image\\\/\"}}]}<\/script>\n<!-- \/ Yoast SEO plugin. -->","yoast_head_json":{"title":"PRIVACY POLICY - VecchioVarzi","robots":{"index":"index","follow":"follow","max-snippet":"max-snippet:-1","max-image-preview":"max-image-preview:large","max-video-preview":"max-video-preview:-1"},"canonical":"https:\/\/www.vecchiovarzi.it\/en\/privacy-policy\/","og_locale":"en_US","og_type":"article","og_title":"PRIVACY POLICY - VecchioVarzi","og_description":"INFORMATIVA SUL TRATTAMENTO DI DATI PERSONALI Ai sensi del D.L. N\u00b0 196 del 30 Giugno 2003 &#8211; Codice in materia di protezione dei dati personali. Ai sensi dell&#8217;articolo 13 del D.L.196\/03, informiamo che il Titolare del trattamento dei dati personali&hellip;","og_url":"https:\/\/www.vecchiovarzi.it\/en\/privacy-policy\/","og_site_name":"VecchioVarzi","article_modified_time":"2017-05-05T15:03:56+00:00","twitter_card":"summary_large_image","twitter_misc":{"Est. reading time":"3 minutes"},"schema":{"@context":"https:\/\/schema.org","@graph":[{"@type":"WebPage","@id":"https:\/\/www.vecchiovarzi.it\/en\/privacy-policy\/","url":"https:\/\/www.vecchiovarzi.it\/en\/privacy-policy\/","name":"PRIVACY POLICY - VecchioVarzi","isPartOf":{"@id":"https:\/\/www.vecchiovarzi.it\/#website"},"datePublished":"2017-04-30T16:06:52+00:00","dateModified":"2017-05-05T15:03:56+00:00","breadcrumb":{"@id":"https:\/\/www.vecchiovarzi.it\/en\/privacy-policy\/#breadcrumb"},"inLanguage":"en-US","potentialAction":[{"@type":"ReadAction","target":["https:\/\/www.vecchiovarzi.it\/en\/privacy-policy\/"]}]},{"@type":"BreadcrumbList","@id":"https:\/\/www.vecchiovarzi.it\/en\/privacy-policy\/#breadcrumb","itemListElement":[{"@type":"ListItem","position":1,"name":"Home","item":"https:\/\/www.vecchiovarzi.it\/en\/"},{"@type":"ListItem","position":2,"name":"PRIVACY POLICY"}]},{"@type":"WebSite","@id":"https:\/\/www.vecchiovarzi.it\/#website","url":"https:\/\/www.vecchiovarzi.it\/","name":"VecchioVarzi","description":"","publisher":{"@id":"https:\/\/www.vecchiovarzi.it\/#organization"},"potentialAction":[{"@type":"SearchAction","target":{"@type":"EntryPoint","urlTemplate":"https:\/\/www.vecchiovarzi.it\/?s={search_term_string}"},"query-input":{"@type":"PropertyValueSpecification","valueRequired":true,"valueName":"search_term_string"}}],"inLanguage":"en-US"},{"@type":"Organization","@id":"https:\/\/www.vecchiovarzi.it\/#organization","name":"Salumificio Vecchio Varzi","url":"https:\/\/www.vecchiovarzi.it\/","logo":{"@type":"ImageObject","inLanguage":"en-US","@id":"https:\/\/www.vecchiovarzi.it\/#\/schema\/logo\/image\/","url":"https:\/\/www.vecchiovarzi.it\/wp-content\/uploads\/2017\/04\/newLOGO_VecchioVarzi_fondicolorati-1.png","contentUrl":"https:\/\/www.vecchiovarzi.it\/wp-content\/uploads\/2017\/04\/newLOGO_VecchioVarzi_fondicolorati-1.png","width":842,"height":595,"caption":"Salumificio Vecchio Varzi"},"image":{"@id":"https:\/\/www.vecchiovarzi.it\/#\/schema\/logo\/image\/"}}]}},"_links":{"self":[{"href":"https:\/\/www.vecchiovarzi.it\/en\/wp-json\/wp\/v2\/pages\/225","targetHints":{"allow":["GET"]}}],"collection":[{"href":"https:\/\/www.vecchiovarzi.it\/en\/wp-json\/wp\/v2\/pages"}],"about":[{"href":"https:\/\/www.vecchiovarzi.it\/en\/wp-json\/wp\/v2\/types\/page"}],"author":[{"embeddable":true,"href":"https:\/\/www.vecchiovarzi.it\/en\/wp-json\/wp\/v2\/users\/7"}],"replies":[{"embeddable":true,"href":"https:\/\/www.vecchiovarzi.it\/en\/wp-json\/wp\/v2\/comments?post=225"}],"version-history":[{"count":0,"href":"https:\/\/www.vecchiovarzi.it\/en\/wp-json\/wp\/v2\/pages\/225\/revisions"}],"wp:attachment":[{"href":"https:\/\/www.vecchiovarzi.it\/en\/wp-json\/wp\/v2\/media?parent=225"}],"curies":[{"name":"wp","href":"https:\/\/api.w.org\/{rel}","templated":true}]}}